{"id":90,"date":"2025-10-22T12:54:26","date_gmt":"2025-10-22T12:54:26","guid":{"rendered":"https:\/\/voltedge.vamtam.com\/?page_id=90"},"modified":"2026-01-24T19:43:48","modified_gmt":"2026-01-24T19:43:48","slug":"domotica-slimme-woningen","status":"publish","type":"page","link":"https:\/\/dktechnics.com\/?page_id=90","title":{"rendered":"Domotica &amp; Slimme woningen"},"content":{"rendered":"\t\t<div data-elementor-type=\"wp-page\" data-elementor-id=\"90\" class=\"elementor elementor-90\" data-elementor-post-type=\"page\">\n\t\t\t\t<div class=\"elementor-element elementor-element-49b910a e-flex e-con-boxed e-con e-parent\" data-id=\"49b910a\" data-element_type=\"container\" data-e-type=\"container\">\n\t\t\t\t\t<div class=\"e-con-inner\">\n\t\t<div class=\"elementor-element elementor-element-d37676c e-con-full e-flex e-con e-child\" data-id=\"d37676c\" data-element_type=\"container\" data-e-type=\"container\">\n\t\t\t\t<div class=\"elementor-element elementor-element-82e4c34 elementor-widget__width-initial elementor-widget-mobile__width-inherit elementor-view-default elementor-position-block-start elementor-mobile-position-block-start elementor-widget elementor-widget-icon-box\" data-id=\"82e4c34\" data-element_type=\"widget\" data-e-type=\"widget\" data-widget_type=\"icon-box.default\">\n\t\t\t\t<div class=\"elementor-widget-container\">\n\t\t\t\t\t\t\t<div class=\"elementor-icon-box-wrapper\">\n\n\t\t\t\t\t\t<div class=\"elementor-icon-box-icon\">\n\t\t\t\t<span  class=\"elementor-icon\">\n\t\t\t\t<i aria-hidden=\"true\" class=\"fas fa-burn\"><\/i>\t\t\t\t<\/span>\n\t\t\t<\/div>\n\t\t\t\n\t\t\t\t\t\t<div class=\"elementor-icon-box-content\">\n\n\t\t\t\t\t\t\t\t\t<div class=\"elementor-icon-box-title\">\n\t\t\t\t\t\t<span  >\n\t\t\t\t\t\t\tComfort\t\t\t\t\t\t<\/span>\n\t\t\t\t\t<\/div>\n\t\t\t\t\n\t\t\t\t\t\t\t\t\t<p class=\"elementor-icon-box-description\">\n\t\t\t\t\t\tStel verlichting, temperatuur en apparaten automatisch in op uw voorkeuren.\t\t\t\t\t<\/p>\n\t\t\t\t\n\t\t\t<\/div>\n\t\t\t\n\t\t<\/div>\n\t\t\t\t\t\t<\/div>\n\t\t\t\t<\/div>\n\t\t\t\t<div class=\"elementor-element elementor-element-5b7bf5c elementor-widget__width-initial elementor-widget-mobile__width-inherit elementor-view-default elementor-position-block-start elementor-mobile-position-block-start elementor-widget elementor-widget-icon-box\" data-id=\"5b7bf5c\" data-element_type=\"widget\" data-e-type=\"widget\" data-widget_type=\"icon-box.default\">\n\t\t\t\t<div class=\"elementor-widget-container\">\n\t\t\t\t\t\t\t<div class=\"elementor-icon-box-wrapper\">\n\n\t\t\t\t\t\t<div class=\"elementor-icon-box-icon\">\n\t\t\t\t<span  class=\"elementor-icon\">\n\t\t\t\t<i aria-hidden=\"true\" class=\"fas fa-unlock-alt\"><\/i>\t\t\t\t<\/span>\n\t\t\t<\/div>\n\t\t\t\n\t\t\t\t\t\t<div class=\"elementor-icon-box-content\">\n\n\t\t\t\t\t\t\t\t\t<div class=\"elementor-icon-box-title\">\n\t\t\t\t\t\t<span  >\n\t\t\t\t\t\t\tVeiligheid\t\t\t\t\t\t<\/span>\n\t\t\t\t\t<\/div>\n\t\t\t\t\n\t\t\t\t\t\t\t\t\t<p class=\"elementor-icon-box-description\">\n\t\t\t\t\t\tBeveilig uw huis met slimme camera\u2019s, sensoren en alarmsystemen.\t\t\t\t\t<\/p>\n\t\t\t\t\n\t\t\t<\/div>\n\t\t\t\n\t\t<\/div>\n\t\t\t\t\t\t<\/div>\n\t\t\t\t<\/div>\n\t\t\t\t<div class=\"elementor-element elementor-element-98865b8 elementor-widget__width-initial elementor-widget-mobile__width-inherit elementor-view-default elementor-position-block-start elementor-mobile-position-block-start elementor-widget elementor-widget-icon-box\" data-id=\"98865b8\" data-element_type=\"widget\" data-e-type=\"widget\" data-widget_type=\"icon-box.default\">\n\t\t\t\t<div class=\"elementor-widget-container\">\n\t\t\t\t\t\t\t<div class=\"elementor-icon-box-wrapper\">\n\n\t\t\t\t\t\t<div class=\"elementor-icon-box-icon\">\n\t\t\t\t<span  class=\"elementor-icon\">\n\t\t\t\t<i aria-hidden=\"true\" class=\"far fa-money-bill-alt\"><\/i>\t\t\t\t<\/span>\n\t\t\t<\/div>\n\t\t\t\n\t\t\t\t\t\t<div class=\"elementor-icon-box-content\">\n\n\t\t\t\t\t\t\t\t\t<div class=\"elementor-icon-box-title\">\n\t\t\t\t\t\t<span  >\n\t\t\t\t\t\t\tEnergiebesparing\t\t\t\t\t\t<\/span>\n\t\t\t\t\t<\/div>\n\t\t\t\t\n\t\t\t\t\t\t\t\t\t<p class=\"elementor-icon-box-description\">\n\t\t\t\t\t\tOptimaliseer uw energieverbruik door automatische aanpassing van verlichting en klimaat.\t\t\t\t\t<\/p>\n\t\t\t\t\n\t\t\t<\/div>\n\t\t\t\n\t\t<\/div>\n\t\t\t\t\t\t<\/div>\n\t\t\t\t<\/div>\n\t\t\t\t<div class=\"elementor-element elementor-element-6e2cf3b elementor-widget__width-initial elementor-widget-mobile__width-inherit elementor-view-default elementor-position-block-start elementor-mobile-position-block-start elementor-widget elementor-widget-icon-box\" data-id=\"6e2cf3b\" data-element_type=\"widget\" data-e-type=\"widget\" data-widget_type=\"icon-box.default\">\n\t\t\t\t<div class=\"elementor-widget-container\">\n\t\t\t\t\t\t\t<div class=\"elementor-icon-box-wrapper\">\n\n\t\t\t\t\t\t<div class=\"elementor-icon-box-icon\">\n\t\t\t\t<span  class=\"elementor-icon\">\n\t\t\t\t<i aria-hidden=\"true\" class=\"fas fa-user-check\"><\/i>\t\t\t\t<\/span>\n\t\t\t<\/div>\n\t\t\t\n\t\t\t\t\t\t<div class=\"elementor-icon-box-content\">\n\n\t\t\t\t\t\t\t\t\t<div class=\"elementor-icon-box-title\">\n\t\t\t\t\t\t<span  >\n\t\t\t\t\t\t\tGebruiksvriendelijk\t\t\t\t\t\t<\/span>\n\t\t\t\t\t<\/div>\n\t\t\t\t\n\t\t\t\t\t\t\t\t\t<p class=\"elementor-icon-box-description\">\n\t\t\t\t\t\tBedien alles eenvoudig vanaf uw smartphone, tablet of via spraakbesturing.\t\t\t\t\t<\/p>\n\t\t\t\t\n\t\t\t<\/div>\n\t\t\t\n\t\t<\/div>\n\t\t\t\t\t\t<\/div>\n\t\t\t\t<\/div>\n\t\t\t\t<\/div>\n\t\t\t\t<div class=\"elementor-element elementor-element-b37d642 elementor-widget elementor-widget-heading\" data-id=\"b37d642\" data-element_type=\"widget\" data-e-type=\"widget\" data-widget_type=\"heading.default\">\n\t\t\t\t<div class=\"elementor-widget-container\">\n\t\t\t\t\t<h3 class=\"elementor-heading-title elementor-size-default\">Waarom kiezen voor Niko domotica?<\/h3>\t\t\t\t<\/div>\n\t\t\t\t<\/div>\n\t\t\t\t<div class=\"elementor-element elementor-element-bf1ff72 elementor-widget elementor-widget-text-editor\" data-id=\"bf1ff72\" data-element_type=\"widget\" data-e-type=\"widget\" data-widget_type=\"text-editor.default\">\n\t\t\t\t<div class=\"elementor-widget-container\">\n\t\t\t\t\t\t\t\t\t<p>Bij DK Technics combineren we de innovatieve technologie van Niko Domotica met onze expertise in installatie en advies, zodat u het maximale uit uw slimme woning haalt. Niko staat bekend om zijn betrouwbare, gebruiksvriendelijke en toekomstgerichte domoticasystemen.<\/p>\t\t\t\t\t\t\t\t<\/div>\n\t\t\t\t<\/div>\n\t\t<div class=\"elementor-element elementor-element-2bd5d56 e-con-full e-flex e-con e-child\" data-id=\"2bd5d56\" data-element_type=\"container\" data-e-type=\"container\">\n\t\t\t\t<div class=\"vamtam-has-theme-widget-styles elementor-element elementor-element-f9ff552 vamtam-has-icon-styles blur-background  elementor-widget elementor-widget-button\" data-id=\"f9ff552\" data-element_type=\"widget\" data-e-type=\"widget\" data-widget_type=\"button.default\">\n\t\t\t\t<div class=\"elementor-widget-container\">\n\t\t\t\t\t\t\t\t\t<div class=\"elementor-button-wrapper\">\n\t\t\t\t\t<a class=\"elementor-button elementor-size-sm\" role=\"button\">\n\t\t\t\t\t\t<span class=\"elementor-button-content-wrapper\">\n\t\t\t\t\t\t<span class=\"elementor-button-icon\">\n\t\t\t\t<i aria-hidden=\"true\" class=\"vamtamtheme- vamtam-theme-check\"><\/i>\t\t\t<\/span>\n\t\t\t\t\t\t\t\t\t<span class=\"elementor-button-text\">Betrouwbare kwaliteit<\/span>\n\t\t\t\t\t<\/span>\n\t\t\t\t\t<\/a>\n\t\t\t\t<\/div>\n\t\t\t\t\t\t\t\t<\/div>\n\t\t\t\t<\/div>\n\t\t\t\t<div class=\"vamtam-has-theme-widget-styles elementor-element elementor-element-4b72421 vamtam-has-icon-styles blur-background  elementor-widget elementor-widget-button\" data-id=\"4b72421\" data-element_type=\"widget\" data-e-type=\"widget\" data-widget_type=\"button.default\">\n\t\t\t\t<div class=\"elementor-widget-container\">\n\t\t\t\t\t\t\t\t\t<div class=\"elementor-button-wrapper\">\n\t\t\t\t\t<a class=\"elementor-button elementor-size-sm\" role=\"button\">\n\t\t\t\t\t\t<span class=\"elementor-button-content-wrapper\">\n\t\t\t\t\t\t<span class=\"elementor-button-icon\">\n\t\t\t\t<i aria-hidden=\"true\" class=\"vamtamtheme- vamtam-theme-check\"><\/i>\t\t\t<\/span>\n\t\t\t\t\t\t\t\t\t<span class=\"elementor-button-text\">Persoonlijk advies en maatwerk<\/span>\n\t\t\t\t\t<\/span>\n\t\t\t\t\t<\/a>\n\t\t\t\t<\/div>\n\t\t\t\t\t\t\t\t<\/div>\n\t\t\t\t<\/div>\n\t\t\t\t<div class=\"vamtam-has-theme-widget-styles elementor-element elementor-element-71ffe46 vamtam-has-icon-styles blur-background  elementor-widget elementor-widget-button\" data-id=\"71ffe46\" data-element_type=\"widget\" data-e-type=\"widget\" data-widget_type=\"button.default\">\n\t\t\t\t<div class=\"elementor-widget-container\">\n\t\t\t\t\t\t\t\t\t<div class=\"elementor-button-wrapper\">\n\t\t\t\t\t<a class=\"elementor-button elementor-size-sm\" role=\"button\">\n\t\t\t\t\t\t<span class=\"elementor-button-content-wrapper\">\n\t\t\t\t\t\t<span class=\"elementor-button-icon\">\n\t\t\t\t<i aria-hidden=\"true\" class=\"vamtamtheme- vamtam-theme-check\"><\/i>\t\t\t<\/span>\n\t\t\t\t\t\t\t\t\t<span class=\"elementor-button-text\">Eenvoudige bediening<\/span>\n\t\t\t\t\t<\/span>\n\t\t\t\t\t<\/a>\n\t\t\t\t<\/div>\n\t\t\t\t\t\t\t\t<\/div>\n\t\t\t\t<\/div>\n\t\t\t\t<div class=\"vamtam-has-theme-widget-styles elementor-element elementor-element-57482ed vamtam-has-icon-styles blur-background  elementor-widget elementor-widget-button\" data-id=\"57482ed\" data-element_type=\"widget\" data-e-type=\"widget\" data-widget_type=\"button.default\">\n\t\t\t\t<div class=\"elementor-widget-container\">\n\t\t\t\t\t\t\t\t\t<div class=\"elementor-button-wrapper\">\n\t\t\t\t\t<a class=\"elementor-button elementor-size-sm\" role=\"button\">\n\t\t\t\t\t\t<span class=\"elementor-button-content-wrapper\">\n\t\t\t\t\t\t<span class=\"elementor-button-icon\">\n\t\t\t\t<i aria-hidden=\"true\" class=\"vamtamtheme- vamtam-theme-check\"><\/i>\t\t\t<\/span>\n\t\t\t\t\t\t\t\t\t<span class=\"elementor-button-text\">Energie-effici\u00ebntie<\/span>\n\t\t\t\t\t<\/span>\n\t\t\t\t\t<\/a>\n\t\t\t\t<\/div>\n\t\t\t\t\t\t\t\t<\/div>\n\t\t\t\t<\/div>\n\t\t\t\t<div class=\"vamtam-has-theme-widget-styles elementor-element elementor-element-4d8e741 vamtam-has-icon-styles blur-background  elementor-widget elementor-widget-button\" data-id=\"4d8e741\" data-element_type=\"widget\" data-e-type=\"widget\" data-widget_type=\"button.default\">\n\t\t\t\t<div class=\"elementor-widget-container\">\n\t\t\t\t\t\t\t\t\t<div class=\"elementor-button-wrapper\">\n\t\t\t\t\t<a class=\"elementor-button elementor-size-sm\" role=\"button\">\n\t\t\t\t\t\t<span class=\"elementor-button-content-wrapper\">\n\t\t\t\t\t\t<span class=\"elementor-button-icon\">\n\t\t\t\t<i aria-hidden=\"true\" class=\"vamtamtheme- vamtam-theme-check\"><\/i>\t\t\t<\/span>\n\t\t\t\t\t\t\t\t\t<span class=\"elementor-button-text\">Veiligheid<\/span>\n\t\t\t\t\t<\/span>\n\t\t\t\t\t<\/a>\n\t\t\t\t<\/div>\n\t\t\t\t\t\t\t\t<\/div>\n\t\t\t\t<\/div>\n\t\t\t\t<\/div>\n\t\t<div class=\"elementor-element elementor-element-9ff0a0d e-con-full animated-fast e-flex elementor-invisible e-con e-child\" data-id=\"9ff0a0d\" data-element_type=\"container\" data-e-type=\"container\" data-settings=\"{&quot;background_background&quot;:&quot;classic&quot;,&quot;animation&quot;:&quot;slideInUp&quot;}\">\n\t\t<div class=\"elementor-element elementor-element-c081bee e-con-full e-flex e-con e-child\" data-id=\"c081bee\" data-element_type=\"container\" data-e-type=\"container\" data-settings=\"{&quot;background_background&quot;:&quot;classic&quot;,&quot;position&quot;:&quot;absolute&quot;}\">\n\t\t\t\t<div class=\"elementor-element elementor-element-e2484d7 elementor-widget elementor-widget-template\" data-id=\"e2484d7\" data-element_type=\"widget\" data-e-type=\"widget\" data-widget_type=\"template.default\">\n\t\t\t\t<div class=\"elementor-widget-container\">\n\t\t\t\t\t\t\t<div class=\"elementor-template\">\n\t\t\t\t\t<div data-elementor-type=\"container\" data-elementor-id=\"2272\" class=\"elementor elementor-2272\" data-elementor-post-type=\"elementor_library\">\n\t\t\t\t<div class=\"elementor-element elementor-element-4aa96658 e-con-full e-flex e-con e-child\" data-id=\"4aa96658\" data-element_type=\"container\" data-e-type=\"container\" data-settings=\"{&quot;background_background&quot;:&quot;classic&quot;}\">\n\t\t\t\t<\/div>\n\t\t\t\t<\/div>\n\t\t\t\t<\/div>\n\t\t\t\t\t\t<\/div>\n\t\t\t\t<\/div>\n\t\t\t\t<\/div>\n\t\t<div class=\"elementor-element elementor-element-c18555c e-con-full vamtam-cp-big-top blur-background  vamtam-has-theme-cp e-flex e-con e-child\" data-id=\"c18555c\" data-element_type=\"container\" data-e-type=\"container\" data-settings=\"{&quot;background_background&quot;:&quot;classic&quot;}\">\n\t\t\t\t<div class=\"vamtam-has-theme-widget-styles elementor-element elementor-element-d8c7049 elementor-view-default elementor-widget elementor-widget-icon\" data-id=\"d8c7049\" data-element_type=\"widget\" data-e-type=\"widget\" data-widget_type=\"icon.default\">\n\t\t\t\t<div class=\"elementor-widget-container\">\n\t\t\t\t\t\t\t<div class=\"elementor-icon-wrapper\">\n\t\t\t<div class=\"elementor-icon\">\n\t\t\t<i aria-hidden=\"true\" class=\"vamtamtheme- vamtam-theme-home\"><\/i>\t\t\t<\/div>\n\t\t<\/div>\n\t\t\t\t\t\t<\/div>\n\t\t\t\t<\/div>\n\t\t\t\t<div class=\"elementor-element elementor-element-de33c2e elementor-widget elementor-widget-heading\" data-id=\"de33c2e\" data-element_type=\"widget\" data-e-type=\"widget\" data-widget_type=\"heading.default\">\n\t\t\t\t<div class=\"elementor-widget-container\">\n\t\t\t\t\t<h4 class=\"elementor-heading-title elementor-size-default\">Stap vandaag over naar domotica<\/h4>\t\t\t\t<\/div>\n\t\t\t\t<\/div>\n\t\t\t\t<div class=\"elementor-element elementor-element-30f63ad elementor-widget elementor-widget-text-editor\" data-id=\"30f63ad\" data-element_type=\"widget\" data-e-type=\"widget\" data-widget_type=\"text-editor.default\">\n\t\t\t\t<div class=\"elementor-widget-container\">\n\t\t\t\t\t\t\t\t\t<p><strong data-start=\"1446\" data-end=\"1477\">Neem vandaag nog contact op<\/strong> en ontdek hoe domotica uw leven eenvoudiger, veiliger en energiezuiniger kan maken.<\/p>\t\t\t\t\t\t\t\t<\/div>\n\t\t\t\t<\/div>\n\t\t\t\t<div class=\"vamtam-has-theme-widget-styles elementor-element elementor-element-742c7bf animated-fast elementor-invisible elementor-widget elementor-widget-button\" data-id=\"742c7bf\" data-element_type=\"widget\" data-e-type=\"widget\" data-settings=\"{&quot;_animation&quot;:&quot;fadeIn&quot;}\" data-widget_type=\"button.default\">\n\t\t\t\t<div class=\"elementor-widget-container\">\n\t\t\t\t\t\t\t\t\t<div class=\"elementor-button-wrapper\">\n\t\t\t\t\t<a class=\"elementor-button elementor-button-link elementor-size-sm\" href=\"https:\/\/dktechnics.com\/?page_id=63\">\n\t\t\t\t\t\t<span class=\"elementor-button-content-wrapper\">\n\t\t\t\t\t\t\t\t\t<span class=\"elementor-button-text\">Gratis offerte aanvragen<\/span>\n\t\t\t\t\t<\/span>\n\t\t\t\t\t<\/a>\n\t\t\t\t<\/div>\n\t\t\t\t\t\t\t\t<\/div>\n\t\t\t\t<\/div>\n\t\t\t\t<\/div>\n\t\t\t\t<\/div>\n\t\t\t\t\t<\/div>\n\t\t\t\t<\/div>\n\t\t\t\t<\/div>\n\t\t","protected":false},"excerpt":{"rendered":"<p>Comfort, veiligheid en effici\u00ebnt energiebeheer komen samen in \u00e9\u00e9n slim systeem. Met Niko Home Control beheer je verlichting, verwarming, ventilatie en energieverbruik eenvoudig vanuit \u00e9\u00e9n centrale omgeving. Het systeem past zich aan jouw leefritme aan, verhoogt de veiligheid van je woning en helpt je actief energie te besparen, zonder in te boeten op comfort.<\/p>\n","protected":false},"author":1,"featured_media":988165,"parent":37,"menu_order":0,"comment_status":"closed","ping_status":"closed","template":"","meta":{"footnotes":""},"class_list":["post-90","page","type-page","status-publish","has-post-thumbnail","hentry"],"yoast_head":"<!-- This site is optimized with the Yoast SEO plugin v27.4 - https:\/\/yoast.com\/product\/yoast-seo-wordpress\/ -->\n<title>Domotica &amp; Smart Home Expert | DK-Technics<\/title>\n<meta name=\"description\" content=\"Maak uw woning intelligent met de domotica-oplossingen van DK-Technics. Van slimme verlichting tot volledige huisautomatisering.\" \/>\n<meta name=\"robots\" content=\"index, follow, max-snippet:-1, max-image-preview:large, max-video-preview:-1\" \/>\n<link rel=\"canonical\" href=\"https:\/\/dktechnics.com\/?page_id=90\" \/>\n<meta property=\"og:locale\" content=\"nl_BE\" \/>\n<meta property=\"og:type\" content=\"article\" \/>\n<meta property=\"og:title\" content=\"Domotica &amp; Smart Home Expert | DK-Technics\" \/>\n<meta property=\"og:description\" content=\"Maak uw woning intelligent met de domotica-oplossingen van DK-Technics. Van slimme verlichting tot volledige huisautomatisering.\" \/>\n<meta property=\"og:url\" content=\"https:\/\/dktechnics.com\/?page_id=90\" \/>\n<meta property=\"og:site_name\" content=\"DK-Technics\" \/>\n<meta property=\"article:publisher\" content=\"https:\/\/www.facebook.com\/DKTechnics\" \/>\n<meta property=\"article:modified_time\" content=\"2026-01-24T19:43:48+00:00\" \/>\n<meta property=\"og:image\" content=\"https:\/\/dktechnics.com\/wp-content\/uploads\/2026\/01\/Connected-controller-2000x1500-1.jpg\" \/>\n\t<meta property=\"og:image:width\" content=\"2000\" \/>\n\t<meta property=\"og:image:height\" content=\"1500\" \/>\n\t<meta property=\"og:image:type\" content=\"image\/jpeg\" \/>\n<meta name=\"twitter:card\" content=\"summary_large_image\" \/>\n<meta name=\"twitter:label1\" content=\"Geschatte leestijd\" \/>\n\t<meta name=\"twitter:data1\" content=\"1 minuut\" \/>\n<script type=\"application\/ld+json\" class=\"yoast-schema-graph\">{\"@context\":\"https:\\\/\\\/schema.org\",\"@graph\":[{\"@type\":\"WebPage\",\"@id\":\"https:\\\/\\\/dktechnics.com\\\/?page_id=90\",\"url\":\"https:\\\/\\\/dktechnics.com\\\/?page_id=90\",\"name\":\"Domotica & Smart Home Expert | DK-Technics\",\"isPartOf\":{\"@id\":\"https:\\\/\\\/dktechnics.com\\\/#website\"},\"primaryImageOfPage\":{\"@id\":\"https:\\\/\\\/dktechnics.com\\\/?page_id=90#primaryimage\"},\"image\":{\"@id\":\"https:\\\/\\\/dktechnics.com\\\/?page_id=90#primaryimage\"},\"thumbnailUrl\":\"https:\\\/\\\/dktechnics.com\\\/wp-content\\\/uploads\\\/2026\\\/01\\\/Connected-controller-2000x1500-1.jpg\",\"datePublished\":\"2025-10-22T12:54:26+00:00\",\"dateModified\":\"2026-01-24T19:43:48+00:00\",\"description\":\"Maak uw woning intelligent met de domotica-oplossingen van DK-Technics. Van slimme verlichting tot volledige huisautomatisering.\",\"breadcrumb\":{\"@id\":\"https:\\\/\\\/dktechnics.com\\\/?page_id=90#breadcrumb\"},\"inLanguage\":\"nl-BE\",\"potentialAction\":[{\"@type\":\"ReadAction\",\"target\":[\"https:\\\/\\\/dktechnics.com\\\/?page_id=90\"]}]},{\"@type\":\"ImageObject\",\"inLanguage\":\"nl-BE\",\"@id\":\"https:\\\/\\\/dktechnics.com\\\/?page_id=90#primaryimage\",\"url\":\"https:\\\/\\\/dktechnics.com\\\/wp-content\\\/uploads\\\/2026\\\/01\\\/Connected-controller-2000x1500-1.jpg\",\"contentUrl\":\"https:\\\/\\\/dktechnics.com\\\/wp-content\\\/uploads\\\/2026\\\/01\\\/Connected-controller-2000x1500-1.jpg\",\"width\":2000,\"height\":1500},{\"@type\":\"BreadcrumbList\",\"@id\":\"https:\\\/\\\/dktechnics.com\\\/?page_id=90#breadcrumb\",\"itemListElement\":[{\"@type\":\"ListItem\",\"position\":1,\"name\":\"Home\",\"item\":\"https:\\\/\\\/dktechnics.com\\\/\"},{\"@type\":\"ListItem\",\"position\":2,\"name\":\"Diensten\",\"item\":\"https:\\\/\\\/dktechnics.com\\\/?page_id=37\"},{\"@type\":\"ListItem\",\"position\":3,\"name\":\"Domotica &amp; Slimme woningen\"}]},{\"@type\":\"WebSite\",\"@id\":\"https:\\\/\\\/dktechnics.com\\\/#website\",\"url\":\"https:\\\/\\\/dktechnics.com\\\/\",\"name\":\"DK-Technics\",\"description\":\"Uw partner voor slimme en duurzame elektriciteit\",\"publisher\":{\"@id\":\"https:\\\/\\\/dktechnics.com\\\/#organization\"},\"potentialAction\":[{\"@type\":\"SearchAction\",\"target\":{\"@type\":\"EntryPoint\",\"urlTemplate\":\"https:\\\/\\\/dktechnics.com\\\/?s={search_term_string}\"},\"query-input\":{\"@type\":\"PropertyValueSpecification\",\"valueRequired\":true,\"valueName\":\"search_term_string\"}}],\"inLanguage\":\"nl-BE\"},{\"@type\":\"Organization\",\"@id\":\"https:\\\/\\\/dktechnics.com\\\/#organization\",\"name\":\"DK-Technics\",\"url\":\"https:\\\/\\\/dktechnics.com\\\/\",\"logo\":{\"@type\":\"ImageObject\",\"inLanguage\":\"nl-BE\",\"@id\":\"https:\\\/\\\/dktechnics.com\\\/#\\\/schema\\\/logo\\\/image\\\/\",\"url\":\"https:\\\/\\\/dktechnics.com\\\/wp-content\\\/uploads\\\/2025\\\/11\\\/DK-Technics-e1775337119869.png\",\"contentUrl\":\"https:\\\/\\\/dktechnics.com\\\/wp-content\\\/uploads\\\/2025\\\/11\\\/DK-Technics-e1775337119869.png\",\"width\":1407,\"height\":363,\"caption\":\"DK-Technics\"},\"image\":{\"@id\":\"https:\\\/\\\/dktechnics.com\\\/#\\\/schema\\\/logo\\\/image\\\/\"},\"sameAs\":[\"https:\\\/\\\/www.facebook.com\\\/DKTechnics\"]}]}<\/script>\n<!-- \/ Yoast SEO plugin. -->","yoast_head_json":{"title":"Domotica & Smart Home Expert | DK-Technics","description":"Maak uw woning intelligent met de domotica-oplossingen van DK-Technics. Van slimme verlichting tot volledige huisautomatisering.","robots":{"index":"index","follow":"follow","max-snippet":"max-snippet:-1","max-image-preview":"max-image-preview:large","max-video-preview":"max-video-preview:-1"},"canonical":"https:\/\/dktechnics.com\/?page_id=90","og_locale":"nl_BE","og_type":"article","og_title":"Domotica & Smart Home Expert | DK-Technics","og_description":"Maak uw woning intelligent met de domotica-oplossingen van DK-Technics. Van slimme verlichting tot volledige huisautomatisering.","og_url":"https:\/\/dktechnics.com\/?page_id=90","og_site_name":"DK-Technics","article_publisher":"https:\/\/www.facebook.com\/DKTechnics","article_modified_time":"2026-01-24T19:43:48+00:00","og_image":[{"width":2000,"height":1500,"url":"https:\/\/dktechnics.com\/wp-content\/uploads\/2026\/01\/Connected-controller-2000x1500-1.jpg","type":"image\/jpeg"}],"twitter_card":"summary_large_image","twitter_misc":{"Geschatte leestijd":"1 minuut"},"schema":{"@context":"https:\/\/schema.org","@graph":[{"@type":"WebPage","@id":"https:\/\/dktechnics.com\/?page_id=90","url":"https:\/\/dktechnics.com\/?page_id=90","name":"Domotica & Smart Home Expert | DK-Technics","isPartOf":{"@id":"https:\/\/dktechnics.com\/#website"},"primaryImageOfPage":{"@id":"https:\/\/dktechnics.com\/?page_id=90#primaryimage"},"image":{"@id":"https:\/\/dktechnics.com\/?page_id=90#primaryimage"},"thumbnailUrl":"https:\/\/dktechnics.com\/wp-content\/uploads\/2026\/01\/Connected-controller-2000x1500-1.jpg","datePublished":"2025-10-22T12:54:26+00:00","dateModified":"2026-01-24T19:43:48+00:00","description":"Maak uw woning intelligent met de domotica-oplossingen van DK-Technics. Van slimme verlichting tot volledige huisautomatisering.","breadcrumb":{"@id":"https:\/\/dktechnics.com\/?page_id=90#breadcrumb"},"inLanguage":"nl-BE","potentialAction":[{"@type":"ReadAction","target":["https:\/\/dktechnics.com\/?page_id=90"]}]},{"@type":"ImageObject","inLanguage":"nl-BE","@id":"https:\/\/dktechnics.com\/?page_id=90#primaryimage","url":"https:\/\/dktechnics.com\/wp-content\/uploads\/2026\/01\/Connected-controller-2000x1500-1.jpg","contentUrl":"https:\/\/dktechnics.com\/wp-content\/uploads\/2026\/01\/Connected-controller-2000x1500-1.jpg","width":2000,"height":1500},{"@type":"BreadcrumbList","@id":"https:\/\/dktechnics.com\/?page_id=90#breadcrumb","itemListElement":[{"@type":"ListItem","position":1,"name":"Home","item":"https:\/\/dktechnics.com\/"},{"@type":"ListItem","position":2,"name":"Diensten","item":"https:\/\/dktechnics.com\/?page_id=37"},{"@type":"ListItem","position":3,"name":"Domotica &amp; Slimme woningen"}]},{"@type":"WebSite","@id":"https:\/\/dktechnics.com\/#website","url":"https:\/\/dktechnics.com\/","name":"DK-Technics","description":"Uw partner voor slimme en duurzame elektriciteit","publisher":{"@id":"https:\/\/dktechnics.com\/#organization"},"potentialAction":[{"@type":"SearchAction","target":{"@type":"EntryPoint","urlTemplate":"https:\/\/dktechnics.com\/?s={search_term_string}"},"query-input":{"@type":"PropertyValueSpecification","valueRequired":true,"valueName":"search_term_string"}}],"inLanguage":"nl-BE"},{"@type":"Organization","@id":"https:\/\/dktechnics.com\/#organization","name":"DK-Technics","url":"https:\/\/dktechnics.com\/","logo":{"@type":"ImageObject","inLanguage":"nl-BE","@id":"https:\/\/dktechnics.com\/#\/schema\/logo\/image\/","url":"https:\/\/dktechnics.com\/wp-content\/uploads\/2025\/11\/DK-Technics-e1775337119869.png","contentUrl":"https:\/\/dktechnics.com\/wp-content\/uploads\/2025\/11\/DK-Technics-e1775337119869.png","width":1407,"height":363,"caption":"DK-Technics"},"image":{"@id":"https:\/\/dktechnics.com\/#\/schema\/logo\/image\/"},"sameAs":["https:\/\/www.facebook.com\/DKTechnics"]}]}},"_hostinger_reach_plugin_has_subscription_block":false,"_hostinger_reach_plugin_is_elementor":false,"_links":{"self":[{"href":"https:\/\/dktechnics.com\/index.php?rest_route=\/wp\/v2\/pages\/90","targetHints":{"allow":["GET"]}}],"collection":[{"href":"https:\/\/dktechnics.com\/index.php?rest_route=\/wp\/v2\/pages"}],"about":[{"href":"https:\/\/dktechnics.com\/index.php?rest_route=\/wp\/v2\/types\/page"}],"author":[{"embeddable":true,"href":"https:\/\/dktechnics.com\/index.php?rest_route=\/wp\/v2\/users\/1"}],"replies":[{"embeddable":true,"href":"https:\/\/dktechnics.com\/index.php?rest_route=%2Fwp%2Fv2%2Fcomments&post=90"}],"version-history":[{"count":26,"href":"https:\/\/dktechnics.com\/index.php?rest_route=\/wp\/v2\/pages\/90\/revisions"}],"predecessor-version":[{"id":988201,"href":"https:\/\/dktechnics.com\/index.php?rest_route=\/wp\/v2\/pages\/90\/revisions\/988201"}],"up":[{"embeddable":true,"href":"https:\/\/dktechnics.com\/index.php?rest_route=\/wp\/v2\/pages\/37"}],"wp:featuredmedia":[{"embeddable":true,"href":"https:\/\/dktechnics.com\/index.php?rest_route=\/wp\/v2\/media\/988165"}],"wp:attachment":[{"href":"https:\/\/dktechnics.com\/index.php?rest_route=%2Fwp%2Fv2%2Fmedia&parent=90"}],"curies":[{"name":"wp","href":"https:\/\/api.w.org\/{rel}","templated":true}]}}